{"id":781,"date":"2024-01-18T13:24:39","date_gmt":"2024-01-18T12:24:39","guid":{"rendered":"https:\/\/yoojiscloud2.inaffect.one\/?page_id=781"},"modified":"2026-02-27T11:46:30","modified_gmt":"2026-02-27T10:46:30","slug":"781-2","status":"publish","type":"page","link":"https:\/\/yoojiscloud2.inaffect.one\/en\/781-2\/","title":{"rendered":"Z\u00fcrich I Bahnhof Z\u00fcrich"},"content":{"rendered":"\n<div class=\"wp-block-columns is-layout-flex wp-container-core-columns-is-layout-28f84493 wp-block-columns-is-layout-flex\">\n<div class=\"wp-block-column is-layout-flow wp-block-column-is-layout-flow\">\n<p>In Yooji\u2018s Bahnhof Z\u00fcrich, right inside the Zurich train station next to the Europaallee exit, we serve sustainable Japanese meals with a modern twist for conscientious indulgence. Sushi made fresh daily, Poke, salads, soups, snacks and desserts are all available for take-away or eat-in.<\/p>\n\n\n\n<h3 class=\"wp-block-heading\">Contact<\/h3>\n\n\n\n<p>Yooji\u2018s Bahnhof Z\u00fcrich<br>Z\u00fcrich Hauptbahnhof<br>Passage Sihlquai<br>8004 Z\u00fcrich<br>Tel:\u00a0<a href=\"tel:0041445769111\">+41 (0)44 576 91 11<\/a><br><a href=\"mailto:passage@yoojis.ch\">passage@yoojis.ch<\/a><\/p>\n\n\n\n<p>We do not accept reservations for Yooji\u2018s Bahnhof Z\u00fcrich.<\/p>\n<\/div>\n\n\n\n<div class=\"wp-block-column is-layout-flow wp-block-column-is-layout-flow\">\n<div class=\"wp-block-buttons is-layout-flex wp-block-buttons-is-layout-flex\">\n<div class=\"wp-block-button has-custom-width wp-block-button__width-75\"><a class=\"wp-block-button__link wp-element-button\" href=\"https:\/\/www.ubereats.com\/ch\/brand\/yoojis\" target=\"_blank\" rel=\"noreferrer noopener\">Home Delivery<\/a><\/div>\n\n\n\n<div class=\"wp-block-button has-custom-width wp-block-button__width-75\"><a class=\"wp-block-button__link wp-element-button\" href=\"https:\/\/www.google.com\/maps\/place\/Yooji's\/@47.378225,8.5354283,17z\/data=!4m9!1m2!2m1!1syoojis+hauptbhanhof+z%C3%BCrich!3m5!1s0x47900b878fc68989:0xc37024c56d309153!8m2!3d47.3783715!4d8.5363145!15sCht5b29qaXMgaGF1cHRiaGFuaG9mIHrDvHJpY2giA4gBAVodIht5b29qaXMgaGF1cHRiaGFuaG9mIHrDvHJpY2iSARBzdXNoaV9yZXN0YXVyYW50?hl=de\" target=\"_blank\" rel=\"noreferrer noopener\">Google Maps<\/a><\/div>\n\n\n\n<div class=\"wp-block-button has-custom-width wp-block-button__width-75\"><a class=\"wp-block-button__link wp-element-button\" href=\"https:\/\/www.google.com\/maps\/place\/Yooji's\/@47.378225,8.5354283,17z\/data=!4m9!1m2!2m1!1syoojis+hauptbhanhof+z%C3%BCrich!3m5!1s0x47900b878fc68989:0xc37024c56d309153!8m2!3d47.3783715!4d8.5363145!15sCht5b29qaXMgaGF1cHRiaGFuaG9mIHrDvHJpY2giA4gBAVodIht5b29qaXMgaGF1cHRiaGFuaG9mIHrDvHJpY2iSARBzdXNoaV9yZXN0YXVyYW50?hl=de\" target=\"_blank\" rel=\"noreferrer noopener\">Opening hours<\/a><\/div>\n<\/div>\n<\/div>\n<\/div>\n\n\n\n<figure class=\"wp-block-gallery has-nested-images columns-default is-cropped wp-block-gallery-1 is-layout-flex wp-block-gallery-is-layout-flex\">\n<figure class=\"wp-block-image size-large\"><img loading=\"lazy\" decoding=\"async\" width=\"1024\" height=\"644\" data-id=\"167\" src=\"https:\/\/yoojiscloud2.inaffect.one\/wp-content\/uploads\/2024\/01\/DSC02989_bearb-1500x944-1-1024x644.jpg\" alt=\"\" class=\"wp-image-167\" srcset=\"https:\/\/yoojiscloud2.inaffect.one\/wp-content\/uploads\/2024\/01\/DSC02989_bearb-1500x944-1-1024x644.jpg 1024w, https:\/\/yoojiscloud2.inaffect.one\/wp-content\/uploads\/2024\/01\/DSC02989_bearb-1500x944-1-300x189.jpg 300w, https:\/\/yoojiscloud2.inaffect.one\/wp-content\/uploads\/2024\/01\/DSC02989_bearb-1500x944-1-768x483.jpg 768w, https:\/\/yoojiscloud2.inaffect.one\/wp-content\/uploads\/2024\/01\/DSC02989_bearb-1500x944-1-50x31.jpg 50w, https:\/\/yoojiscloud2.inaffect.one\/wp-content\/uploads\/2024\/01\/DSC02989_bearb-1500x944-1.jpg 1500w\" sizes=\"auto, (max-width: 1024px) 100vw, 1024px\" \/><\/figure>\n\n\n\n<figure class=\"wp-block-image size-large\"><img loading=\"lazy\" decoding=\"async\" width=\"1024\" height=\"703\" data-id=\"169\" src=\"https:\/\/yoojiscloud2.inaffect.one\/wp-content\/uploads\/2024\/01\/DSC03015_bearb-2-1500x1030-1-1024x703.jpg\" alt=\"\" class=\"wp-image-169\" srcset=\"https:\/\/yoojiscloud2.inaffect.one\/wp-content\/uploads\/2024\/01\/DSC03015_bearb-2-1500x1030-1-1024x703.jpg 1024w, https:\/\/yoojiscloud2.inaffect.one\/wp-content\/uploads\/2024\/01\/DSC03015_bearb-2-1500x1030-1-300x206.jpg 300w, https:\/\/yoojiscloud2.inaffect.one\/wp-content\/uploads\/2024\/01\/DSC03015_bearb-2-1500x1030-1-768x527.jpg 768w, https:\/\/yoojiscloud2.inaffect.one\/wp-content\/uploads\/2024\/01\/DSC03015_bearb-2-1500x1030-1-50x34.jpg 50w, https:\/\/yoojiscloud2.inaffect.one\/wp-content\/uploads\/2024\/01\/DSC03015_bearb-2-1500x1030-1.jpg 1500w\" sizes=\"auto, (max-width: 1024px) 100vw, 1024px\" \/><\/figure>\n<\/figure>\n","protected":false},"excerpt":{"rendered":"<p>In Yooji\u2018s Bahnhof Z\u00fcrich, right inside the Zurich train station next to the Europaallee exit, we serve sustainable Japanese meals with a modern twist for conscientious indulgence. Sushi made fresh daily, Poke, salads, soups, snacks and desserts are all available for take-away or eat-in. Contact Yooji\u2018s Bahnhof Z\u00fcrichZ\u00fcrich HauptbahnhofPassage Sihlquai8004 Z\u00fcrichTel:\u00a0+41 (0)44 576 91 11passage@yoojis.ch [&hellip;]<\/p>\n","protected":false},"author":2,"featured_media":0,"parent":0,"menu_order":0,"comment_status":"closed","ping_status":"closed","template":"","meta":{"footnotes":""},"class_list":["post-781","page","type-page","status-publish","hentry"],"wpml_current_locale":"en_US","wpml_translations":{"de_DE":{"locale":"de_DE","id":164,"slug":"zuerich-i-passage-sihlquai","post_title":"Z\u00fcrich I Bahnhof Z\u00fcrich","href":"https:\/\/yoojiscloud2.inaffect.one\/zuerich-i-passage-sihlquai\/"}},"_links":{"self":[{"href":"https:\/\/yoojiscloud2.inaffect.one\/en\/wp-json\/wp\/v2\/pages\/781","targetHints":{"allow":["GET"]}}],"collection":[{"href":"https:\/\/yoojiscloud2.inaffect.one\/en\/wp-json\/wp\/v2\/pages"}],"about":[{"href":"https:\/\/yoojiscloud2.inaffect.one\/en\/wp-json\/wp\/v2\/types\/page"}],"author":[{"embeddable":true,"href":"https:\/\/yoojiscloud2.inaffect.one\/en\/wp-json\/wp\/v2\/users\/2"}],"replies":[{"embeddable":true,"href":"https:\/\/yoojiscloud2.inaffect.one\/en\/wp-json\/wp\/v2\/comments?post=781"}],"version-history":[{"count":13,"href":"https:\/\/yoojiscloud2.inaffect.one\/en\/wp-json\/wp\/v2\/pages\/781\/revisions"}],"predecessor-version":[{"id":2376,"href":"https:\/\/yoojiscloud2.inaffect.one\/en\/wp-json\/wp\/v2\/pages\/781\/revisions\/2376"}],"wp:attachment":[{"href":"https:\/\/yoojiscloud2.inaffect.one\/en\/wp-json\/wp\/v2\/media?parent=781"}],"curies":[{"name":"wp","href":"https:\/\/api.w.org\/{rel}","templated":true}]}}